{"id":2544,"date":"2025-12-27T21:41:30","date_gmt":"2025-12-28T02:41:30","guid":{"rendered":"https:\/\/clickagencyads.com\/product\/isla-cholon-cartagena\/"},"modified":"2026-02-07T17:27:10","modified_gmt":"2026-02-07T22:27:10","slug":"isla-cholon-cartagena","status":"publish","type":"product","link":"https:\/\/tourluxurysl.com\/en\/product\/isla-cholon-cartagena\/","title":{"rendered":"Chol\u00f3n Island Cartagena"},"content":{"rendered":"<h2 style=\"text-align: center;\" data-start=\"319\" data-end=\"452\"><span style=\"color: #000000;\"><strong data-start=\"321\" data-end=\"452\">Discover the magic of Chol\u00f3n Island in Cartagena de Indias and let yourself be carried away by an exciting and enchanting experience!<\/strong><\/span><\/h2>\n<h3 data-start=\"454\" data-end=\"519\"><span style=\"color: #000000;\"><strong data-start=\"457\" data-end=\"519\">Chol\u00f3n Island: Cartagena's most vibrant tropical paradise<\/strong><\/span><\/h3>\n<p class=\"\" data-start=\"521\" data-end=\"1059\"><span style=\"color: #000000;\">Located just a few minutes by speedboat from the coast of Cartagena, the <strong data-start=\"594\" data-end=\"619\">Chol\u00f3n island Cartagena<\/strong> has earned a privileged place in the hearts of national and international travelers. It is one of the most popular destinations within the <strong data-start=\"757\" data-end=\"819\">Corales del Rosario and San Bernardo National Natural Park<\/strong>, where Caribbean nature blends with the joy and culture of the coast, creating an unparalleled atmosphere. Here, crystal-clear waters, white sand, and endless festivities become the ideal setting for an unforgettable day.<\/span><\/p>\n<h3 data-start=\"1061\" data-end=\"1128\"><span style=\"color: #000000;\"><strong data-start=\"1064\" data-end=\"1128\">An exclusive destination for those seeking unique experiences.<\/strong><\/span><\/h3>\n<p class=\"\" data-start=\"1130\" data-end=\"1486\"><span style=\"color: #000000;\">The <strong data-start=\"1133\" data-end=\"1148\">Cholon Island<\/strong> it's not your average island. It's the epicenter of marine entertainment on Colombia's northern coast. Every day, dozens of boats\u2014speedboats, private yachts, and luxury sailboats\u2014anchor in its shallow waters, creating a floating party scene where the sea serves as both a dance floor and a restaurant.<\/span><\/p>\n<p class=\"\" data-start=\"1488\" data-end=\"1777\"><span style=\"color: #000000;\"><strong data-start=\"1488\" data-end=\"1524\">What makes Chol\u00f3n so special?<\/strong> His <strong data-start=\"1528\" data-end=\"1548\">exclusive access<\/strong>, its vibrant party atmosphere, idyllic landscapes, and proximity to Cartagena make it the perfect destination for those seeking a balanced blend of nature, luxury, local culture, and a touch of adventure.<\/span><\/p>\n<h3 data-start=\"1779\" data-end=\"1845\"><span style=\"color: #000000;\"><strong data-start=\"1782\" data-end=\"1845\">Turquoise waters, music, gastronomy and unparalleled nature<\/strong><\/span><\/h3>\n<p class=\"\" data-start=\"1847\" data-end=\"2164\"><span style=\"color: #000000;\">In Chol\u00f3n you will find more than just <strong data-start=\"1877\" data-end=\"1898\">dream beaches<\/strong>; you will also experience a complete immersion in the culture of the Colombian Caribbean. The sound of <strong data-start=\"1990\" data-end=\"2013\">champeta and reggaeton<\/strong>, the intense flavors of <strong data-start=\"2040\" data-end=\"2088\">fried fish with coconut rice and plantains<\/strong>, and the hospitality of the locals create a complete sensory experience.<\/span><\/p>\n<p class=\"\" data-start=\"2166\" data-end=\"2468\"><span style=\"color: #000000;\">The <strong data-start=\"2170\" data-end=\"2206\">palm trees and dry palm huts<\/strong> they form a perfect photographic frame for memories. Furthermore, the <strong data-start=\"2275\" data-end=\"2300\">tranquility of the water<\/strong> allows visitors to swim, snorkel, or simply float while enjoying a refreshing <strong data-start=\"2406\" data-end=\"2421\">pina colada<\/strong> served directly from a floating boat.<\/span><\/p>\n<h3 data-start=\"2470\" data-end=\"2535\"><span style=\"color: #000000;\"><strong data-start=\"2473\" data-end=\"2535\">An excursion that combines history, nature and fun<\/strong><\/span><\/h3>\n<p class=\"\" data-start=\"2537\" data-end=\"2909\"><span style=\"color: #000000;\">The journey to Chol\u00f3n Island from Cartagena is a memorable experience in itself. Departing from Cartagena, the boat trip takes you through breathtaking historical and natural landscapes. As you travel along the coast, you can admire the walled city from the sea, before venturing into the crystal-clear waters surrounding the archipelago. <strong data-start=\"2883\" data-end=\"2908\">the Rosario Islands<\/strong>.<\/span><\/p>\n<p class=\"\" data-start=\"2911\" data-end=\"3307\"><span style=\"color: #000000;\">This route allows you to discover the ecological richness of the National Park, made up of more than 20 small islands that are home to coral ecosystems, mangroves and a diverse marine fauna. <strong data-start=\"3096\" data-end=\"3111\">Blue Island<\/strong> and <strong data-start=\"3114\" data-end=\"3130\">The Piscinita<\/strong>, for example, they are frequent stops on tours, ideal for snorkeling or relaxing in shallow waters before reaching the highlight of the trip: <strong data-start=\"3296\" data-end=\"3306\">Chol\u00f3n<\/strong>.<\/span><\/p>\n<p><iframe title=\"Pasadias a isla cholon en bote deportivo vive la mejor experiencia nautica en embarcaciones de lujo\" width=\"900\" height=\"506\" src=\"https:\/\/www.youtube.com\/embed\/hSX7gbx0nTI?feature=oembed\" frameborder=\"0\" allow=\"accelerometer; autoplay; clipboard-write; encrypted-media; gyroscope; picture-in-picture; web-share\" referrerpolicy=\"strict-origin-when-cross-origin\" allowfullscreen><\/iframe><\/p>\n<h3 data-start=\"3309\" data-end=\"3365\"><span style=\"color: #000000;\"><strong data-start=\"3312\" data-end=\"3365\">Irresistible reasons to visit Chol\u00f3n Island<\/strong><\/span><\/h3>\n<ol data-start=\"3367\" data-end=\"4056\">\n<li class=\"\" data-start=\"3367\" data-end=\"3447\">\n<p class=\"\" data-start=\"3370\" data-end=\"3447\"><span style=\"color: #000000;\"><strong data-start=\"3370\" data-end=\"3411\">Turquoise blue sea and crystal clear waters<\/strong> perfect for swimming and relaxing.<\/span><\/p>\n<\/li>\n<li class=\"\" data-start=\"3448\" data-end=\"3532\">\n<p class=\"\" data-start=\"3451\" data-end=\"3532\"><span style=\"color: #000000;\"><strong data-start=\"3451\" data-end=\"3471\">Party at sea<\/strong> with live music, tropical drinks and a lively atmosphere.<\/span><\/p>\n<\/li>\n<li class=\"\" data-start=\"3533\" data-end=\"3604\">\n<p class=\"\" data-start=\"3536\" data-end=\"3604\"><span style=\"color: #000000;\"><strong data-start=\"3536\" data-end=\"3560\">Proximity to Cartagena<\/strong>, ideal for a day trip.<\/span><\/p>\n<\/li>\n<li class=\"\" data-start=\"3605\" data-end=\"3678\">\n<p class=\"\" data-start=\"3608\" data-end=\"3678\"><span style=\"color: #000000;\"><strong data-start=\"3608\" data-end=\"3641\">Typical Caribbean cuisine<\/strong> served directly from boats.<\/span><\/p>\n<\/li>\n<li class=\"\" data-start=\"3679\" data-end=\"3769\">\n<p class=\"\" data-start=\"3682\" data-end=\"3769\"><span style=\"color: #000000;\"><strong data-start=\"3682\" data-end=\"3707\">Cultural connections<\/strong> with travelers from all over the world in the same floating space.<\/span><\/p>\n<\/li>\n<li class=\"\" data-start=\"3770\" data-end=\"3856\">\n<p class=\"\" data-start=\"3773\" data-end=\"3856\"><span style=\"color: #000000;\"><strong data-start=\"3773\" data-end=\"3853\">Opportunity to visit several islands in the Corales del Rosario Natural Park<\/strong>.<\/span><\/p>\n<\/li>\n<li class=\"\" data-start=\"3857\" data-end=\"3958\">\n<p class=\"\" data-start=\"3860\" data-end=\"3958\"><span style=\"color: #000000;\"><strong data-start=\"3860\" data-end=\"3955\">Perfect setting for celebrating birthdays, bachelor\/bachelorette parties or get-togethers with friends<\/strong>.<\/span><\/p>\n<\/li>\n<li class=\"\" data-start=\"3959\" data-end=\"4056\">\n<p class=\"\" data-start=\"3962\" data-end=\"4056\"><span style=\"color: #000000;\"><strong data-start=\"3962\" data-end=\"3993\">Organized and safe tours<\/strong> with all-inclusive options and expert guides.<\/span><\/p>\n<\/li>\n<\/ol>\n<h3 data-start=\"4058\" data-end=\"4104\"><span style=\"color: #000000;\"><strong data-start=\"4061\" data-end=\"4104\">All-Inclusive Experience to Isla Chol\u00f3n<\/strong><\/span><\/h3>\n<p class=\"\" data-start=\"4106\" data-end=\"4209\"><span style=\"color: #000000;\">We offer you a complete and organized experience so you don't have to worry about anything other than enjoying yourself:<\/span><\/p>\n<h4 data-start=\"4211\" data-end=\"4227\"><span style=\"color: #000000;\"><strong data-start=\"4215\" data-end=\"4227\">Includes:<\/strong><\/span><\/h4>\n<ul data-start=\"4228\" data-end=\"4687\">\n<li class=\"\" data-start=\"4228\" data-end=\"4277\">\n<p class=\"\" data-start=\"4230\" data-end=\"4277\"><span style=\"color: #000000;\">\u2705 Hotel pickup (between 7:30 and 8:00 am)<\/span><\/p>\n<\/li>\n<li class=\"\" data-start=\"4278\" data-end=\"4321\">\n<p class=\"\" data-start=\"4280\" data-end=\"4321\"><span style=\"color: #000000;\">\u2705 Sports boat with <strong data-start=\"4301\" data-end=\"4319\">varied music<\/strong><\/span><\/p>\n<\/li>\n<li class=\"\" data-start=\"4322\" data-end=\"4417\">\n<p class=\"\" data-start=\"4324\" data-end=\"4417\"><span style=\"color: #000000;\">\u2705 Stop at <strong data-start=\"4336\" data-end=\"4357\">Rosario Islands<\/strong> (free time at The Piscinita for swimming or snorkeling)<\/span><\/p>\n<\/li>\n<li class=\"\" data-start=\"4418\" data-end=\"4468\">\n<p class=\"\" data-start=\"4420\" data-end=\"4468\"><span style=\"color: #000000;\">\u2705 Free time in the <strong data-start=\"4441\" data-end=\"4466\">Chol\u00f3n island Cartagena<\/strong><\/span><\/p>\n<\/li>\n<li class=\"\" data-start=\"4469\" data-end=\"4543\">\n<p class=\"\" data-start=\"4471\" data-end=\"4543\"><span style=\"color: #000000;\">\u2705 <strong data-start=\"4473\" data-end=\"4501\">Typical Caribbean lunch<\/strong> with fish, coconut rice and plantain chips<\/span><\/p>\n<\/li>\n<li class=\"\" data-start=\"4544\" data-end=\"4614\">\n<p class=\"\" data-start=\"4546\" data-end=\"4614\"><span style=\"color: #000000;\">\u2705 2 welcome drinks (choose between beer, water or soda)<\/span><\/p>\n<\/li>\n<li class=\"\" data-start=\"4615\" data-end=\"4648\">\n<p class=\"\" data-start=\"4617\" data-end=\"4648\"><span style=\"color: #000000;\">\u2705 Dock tax included<\/span><\/p>\n<\/li>\n<li class=\"\" data-start=\"4649\" data-end=\"4687\">\n<p class=\"\" data-start=\"4651\" data-end=\"4687\"><span style=\"color: #000000;\">\u2705 Accompaniment by a tour guide<\/span><\/p>\n<\/li>\n<\/ul>\n<h4 data-start=\"4689\" data-end=\"4708\"><span style=\"color: #000000;\"><strong data-start=\"4693\" data-end=\"4708\">Not include:<\/strong><\/span><\/h4>\n<ul data-start=\"4709\" data-end=\"4816\">\n<li class=\"\" data-start=\"4709\" data-end=\"4767\">\n<p class=\"\" data-start=\"4711\" data-end=\"4767\"><span style=\"color: #000000;\">\u274c Return to the hotel (the return is to the main pier)<\/span><\/p>\n<\/li>\n<li class=\"\" data-start=\"4768\" data-end=\"4816\">\n<p class=\"\" data-start=\"4770\" data-end=\"4816\"><span style=\"color: #000000;\">\u274c Food or drink not specified in the plan<\/span><\/p>\n<\/li>\n<\/ul>\n<h4 data-start=\"4818\" data-end=\"4834\"><span style=\"color: #000000;\"><strong data-start=\"4822\" data-end=\"4834\">Schedule:<\/strong><\/span><\/h4>\n<ul data-start=\"4835\" data-end=\"4899\">\n<li class=\"\" data-start=\"4835\" data-end=\"4874\">\n<p class=\"\" data-start=\"4837\" data-end=\"4874\"><span style=\"color: #000000;\"><strong data-start=\"4837\" data-end=\"4848\">Shipment:<\/strong> 8:30 am from the marina<\/span><\/p>\n<\/li>\n<li class=\"\" data-start=\"4875\" data-end=\"4899\">\n<p class=\"\" data-start=\"4877\" data-end=\"4899\"><span style=\"color: #000000;\"><strong data-start=\"4877\" data-end=\"4889\">Return:<\/strong> 4:00 pm<\/span><\/p>\n<\/li>\n<\/ul>\n<h3 data-start=\"4901\" data-end=\"4961\"><span style=\"color: #000000;\"><strong data-start=\"4904\" data-end=\"4961\">Tips for making the most of your visit to Chol\u00f3n<\/strong><\/span><\/h3>\n<ul data-start=\"4963\" data-end=\"5361\">\n<li class=\"\" data-start=\"4963\" data-end=\"5043\">\n<p class=\"\" data-start=\"4965\" data-end=\"5043\"><span style=\"color: #000000;\"><strong data-start=\"4965\" data-end=\"4994\">Wear comfortable swimwear<\/strong>, biodegradable sunscreen and sunglasses.<\/span><\/p>\n<\/li>\n<li class=\"\" data-start=\"5044\" data-end=\"5104\">\n<p class=\"\" data-start=\"5046\" data-end=\"5104\"><span style=\"color: #000000;\"><strong data-start=\"5046\" data-end=\"5064\">Arrive early<\/strong> to make the most of every minute of the tour.<\/span><\/p>\n<\/li>\n<li class=\"\" data-start=\"5105\" data-end=\"5173\">\n<p class=\"\" data-start=\"5107\" data-end=\"5173\"><span style=\"color: #000000;\"><strong data-start=\"5107\" data-end=\"5120\">Hydrate<\/strong> constantly and don't forget your camera.<\/span><\/p>\n<\/li>\n<li class=\"\" data-start=\"5174\" data-end=\"5262\">\n<p class=\"\" data-start=\"5176\" data-end=\"5262\"><span style=\"color: #000000;\">If you enjoy socializing, <strong data-start=\"5200\" data-end=\"5259\">feel free to share with travelers from other boats<\/strong>.<\/span><\/p>\n<\/li>\n<li class=\"\" data-start=\"5263\" data-end=\"5361\">\n<p class=\"\" data-start=\"5265\" data-end=\"5361\"><span style=\"color: #000000;\">For special celebrations, ask about our <strong data-start=\"5318\" data-end=\"5358\">customized tours on private yachts<\/strong>.<\/span><\/p>\n<\/li>\n<\/ul>\n<h3 data-start=\"5363\" data-end=\"5413\"><span style=\"color: #000000;\"><strong data-start=\"5366\" data-end=\"5413\">An unforgettable corner of the Colombian Caribbean<\/strong><\/span><\/h3>\n<p class=\"\" data-start=\"5415\" data-end=\"5769\"><span style=\"color: #000000;\">Chol\u00f3n Island, Cartagena, is not just another day trip. It's a transformative experience. It connects you with nature, with the vibrant culture of Cartagena, and with people who, like you, are seeking the best of the Caribbean. It's no wonder that many tourists return time and time again, because in Chol\u00f3n <strong data-start=\"5702\" data-end=\"5768\">the celebration, peace, and natural beauty coexist harmoniously.<\/strong>.<\/span><\/p>\n<p class=\"\" data-start=\"5771\" data-end=\"6017\"><span style=\"color: #000000;\">Whether you come with your partner, friends, or even alone, this island will give you memories that will last a lifetime. If you're looking for the perfect getaway that combines fun, relaxation, and cultural authenticity, <strong data-start=\"5985\" data-end=\"6016\">Chol\u00f3n is your best choice<\/strong>.<\/span><\/p>\n<h4 data-start=\"6019\" data-end=\"6098\"><span style=\"color: #000000;\"><strong data-start=\"6023\" data-end=\"6098\">RESERVE YOUR SPOT TODAY AND EXPERIENCE THE MAGIC OF CHOL\u00d3N ISLAND, CARTAGENA!<\/strong><\/span><\/h4>","protected":false},"excerpt":{"rendered":"<p><span style=\"color: #000000;\">You can reserve this activity with 50% down, the rest you pay when you do the activity, or you can make the full payment.<\/span><\/p>","protected":false},"featured_media":2543,"comment_status":"open","ping_status":"closed","template":"","meta":{"_joinchat":[]},"product_brand":[],"product_cat":[63,69],"product_tag":[],"class_list":{"0":"post-2544","1":"product","2":"type-product","3":"status-publish","4":"has-post-thumbnail","6":"product_cat-planes-islas-del-rosario","7":"product_cat-tour-islas-del-rosario","9":"first","10":"instock","11":"virtual","12":"sold-individually","13":"purchasable","14":"product-type-booking"},"yoast_head":"<!-- This site is optimized with the Yoast SEO plugin v27.3 - https:\/\/yoast.com\/product\/yoast-seo-wordpress\/ -->\n<title>Isla Chol\u00f3n Cartagena | Fiesta, playa y para\u00edso en el Caribe<\/title>\n<meta name=\"description\" content=\"Vive la mejor experiencia en la isla Chol\u00f3n Cartagena: playas paradis\u00edacas, fiesta en el mar, gastronom\u00eda caribe\u00f1a y tours todo incluido. \u00a1Reserva ya!\" \/>\n<meta name=\"robots\" content=\"index, follow, max-snippet:-1, max-image-preview:large, max-video-preview:-1\" \/>\n<link rel=\"canonical\" href=\"https:\/\/tourluxurysl.com\/en\/product\/isla-cholon-cartagena\/\" \/>\n<meta property=\"og:locale\" content=\"en_US\" \/>\n<meta property=\"og:type\" content=\"article\" \/>\n<meta property=\"og:title\" content=\"Isla Chol\u00f3n Cartagena | Fiesta, playa y para\u00edso en el Caribe\" \/>\n<meta property=\"og:description\" content=\"Vive la mejor experiencia en la isla Chol\u00f3n Cartagena: playas paradis\u00edacas, fiesta en el mar, gastronom\u00eda caribe\u00f1a y tours todo incluido. \u00a1Reserva ya!\" \/>\n<meta property=\"og:url\" content=\"https:\/\/tourluxurysl.com\/en\/product\/isla-cholon-cartagena\/\" \/>\n<meta property=\"og:site_name\" content=\"Tour Luxury S&amp;L\" \/>\n<meta property=\"article:publisher\" content=\"https:\/\/www.facebook.com\/tourporelcaribe\" \/>\n<meta property=\"article:modified_time\" content=\"2026-02-07T22:27:10+00:00\" \/>\n<meta property=\"og:image\" content=\"https:\/\/tourluxurysl.com\/wp-content\/uploads\/2025\/12\/cholon-en-cartagena-1-1.jpg\" \/>\n\t<meta property=\"og:image:width\" content=\"900\" \/>\n\t<meta property=\"og:image:height\" content=\"600\" \/>\n\t<meta property=\"og:image:type\" content=\"image\/jpeg\" \/>\n<meta name=\"twitter:card\" content=\"summary_large_image\" \/>\n<meta name=\"twitter:site\" content=\"@tourcaribe\" \/>\n<meta name=\"twitter:label1\" content=\"Est. reading time\" \/>\n\t<meta name=\"twitter:data1\" content=\"5 minutes\" \/>\n<script type=\"application\/ld+json\" class=\"yoast-schema-graph\">{\"@context\":\"https:\\\/\\\/schema.org\",\"@graph\":[{\"@type\":\"WebPage\",\"@id\":\"https:\\\/\\\/tourluxurysl.com\\\/producto\\\/isla-cholon-cartagena\\\/\",\"url\":\"https:\\\/\\\/tourluxurysl.com\\\/producto\\\/isla-cholon-cartagena\\\/\",\"name\":\"Isla Chol\u00f3n Cartagena | Fiesta, playa y para\u00edso en el Caribe\",\"isPartOf\":{\"@id\":\"https:\\\/\\\/tourluxurysl.com\\\/#website\"},\"primaryImageOfPage\":{\"@id\":\"https:\\\/\\\/tourluxurysl.com\\\/producto\\\/isla-cholon-cartagena\\\/#primaryimage\"},\"image\":{\"@id\":\"https:\\\/\\\/tourluxurysl.com\\\/producto\\\/isla-cholon-cartagena\\\/#primaryimage\"},\"thumbnailUrl\":\"https:\\\/\\\/tourluxurysl.com\\\/wp-content\\\/uploads\\\/2025\\\/12\\\/cholon-en-cartagena-1-1.jpg\",\"datePublished\":\"2025-12-28T02:41:30+00:00\",\"dateModified\":\"2026-02-07T22:27:10+00:00\",\"description\":\"Vive la mejor experiencia en la isla Chol\u00f3n Cartagena: playas paradis\u00edacas, fiesta en el mar, gastronom\u00eda caribe\u00f1a y tours todo incluido. \u00a1Reserva ya!\",\"breadcrumb\":{\"@id\":\"https:\\\/\\\/tourluxurysl.com\\\/producto\\\/isla-cholon-cartagena\\\/#breadcrumb\"},\"inLanguage\":\"en-US\",\"potentialAction\":[{\"@type\":\"ReadAction\",\"target\":[\"https:\\\/\\\/tourluxurysl.com\\\/producto\\\/isla-cholon-cartagena\\\/\"]}]},{\"@type\":\"ImageObject\",\"inLanguage\":\"en-US\",\"@id\":\"https:\\\/\\\/tourluxurysl.com\\\/producto\\\/isla-cholon-cartagena\\\/#primaryimage\",\"url\":\"https:\\\/\\\/tourluxurysl.com\\\/wp-content\\\/uploads\\\/2025\\\/12\\\/cholon-en-cartagena-1-1.jpg\",\"contentUrl\":\"https:\\\/\\\/tourluxurysl.com\\\/wp-content\\\/uploads\\\/2025\\\/12\\\/cholon-en-cartagena-1-1.jpg\",\"width\":900,\"height\":600},{\"@type\":\"BreadcrumbList\",\"@id\":\"https:\\\/\\\/tourluxurysl.com\\\/producto\\\/isla-cholon-cartagena\\\/#breadcrumb\",\"itemListElement\":[{\"@type\":\"ListItem\",\"position\":1,\"name\":\"Inicio\",\"item\":\"https:\\\/\\\/tourluxurysl.com\\\/\"},{\"@type\":\"ListItem\",\"position\":2,\"name\":\"Shop\",\"item\":\"https:\\\/\\\/tourluxurysl.com\\\/shop\\\/\"},{\"@type\":\"ListItem\",\"position\":3,\"name\":\"Isla Chol\u00f3n Cartagena\"}]},{\"@type\":\"WebSite\",\"@id\":\"https:\\\/\\\/tourluxurysl.com\\\/#website\",\"url\":\"https:\\\/\\\/tourluxurysl.com\\\/\",\"name\":\"Tour por el caribe\",\"description\":\"\",\"publisher\":{\"@id\":\"https:\\\/\\\/tourluxurysl.com\\\/#organization\"},\"potentialAction\":[{\"@type\":\"SearchAction\",\"target\":{\"@type\":\"EntryPoint\",\"urlTemplate\":\"https:\\\/\\\/tourluxurysl.com\\\/?s={search_term_string}\"},\"query-input\":{\"@type\":\"PropertyValueSpecification\",\"valueRequired\":true,\"valueName\":\"search_term_string\"}}],\"inLanguage\":\"en-US\"},{\"@type\":\"Organization\",\"@id\":\"https:\\\/\\\/tourluxurysl.com\\\/#organization\",\"name\":\"Tour por el caribe\",\"url\":\"https:\\\/\\\/tourluxurysl.com\\\/\",\"logo\":{\"@type\":\"ImageObject\",\"inLanguage\":\"en-US\",\"@id\":\"https:\\\/\\\/tourluxurysl.com\\\/#\\\/schema\\\/logo\\\/image\\\/\",\"url\":\"https:\\\/\\\/tourluxurysl.com\\\/wp-content\\\/uploads\\\/2021\\\/08\\\/logo-horizontal-512-x-512.png\",\"contentUrl\":\"https:\\\/\\\/tourluxurysl.com\\\/wp-content\\\/uploads\\\/2021\\\/08\\\/logo-horizontal-512-x-512.png\",\"width\":512,\"height\":512,\"caption\":\"Tour por el caribe\"},\"image\":{\"@id\":\"https:\\\/\\\/tourluxurysl.com\\\/#\\\/schema\\\/logo\\\/image\\\/\"},\"sameAs\":[\"https:\\\/\\\/www.facebook.com\\\/tourporelcaribe\",\"https:\\\/\\\/x.com\\\/tourcaribe\",\"https:\\\/\\\/www.instagram.com\\\/tourscaribe\\\/\",\"https:\\\/\\\/www.youtube.com\\\/@tourcaribe\"]}]}<\/script>\n<!-- \/ Yoast SEO plugin. -->","yoast_head_json":{"title":"Isla Chol\u00f3n Cartagena | Fiesta, playa y para\u00edso en el Caribe","description":"Vive la mejor experiencia en la isla Chol\u00f3n Cartagena: playas paradis\u00edacas, fiesta en el mar, gastronom\u00eda caribe\u00f1a y tours todo incluido. \u00a1Reserva ya!","robots":{"index":"index","follow":"follow","max-snippet":"max-snippet:-1","max-image-preview":"max-image-preview:large","max-video-preview":"max-video-preview:-1"},"canonical":"https:\/\/tourluxurysl.com\/en\/product\/isla-cholon-cartagena\/","og_locale":"en_US","og_type":"article","og_title":"Isla Chol\u00f3n Cartagena | Fiesta, playa y para\u00edso en el Caribe","og_description":"Vive la mejor experiencia en la isla Chol\u00f3n Cartagena: playas paradis\u00edacas, fiesta en el mar, gastronom\u00eda caribe\u00f1a y tours todo incluido. \u00a1Reserva ya!","og_url":"https:\/\/tourluxurysl.com\/en\/product\/isla-cholon-cartagena\/","og_site_name":"Tour Luxury S&amp;L","article_publisher":"https:\/\/www.facebook.com\/tourporelcaribe","article_modified_time":"2026-02-07T22:27:10+00:00","og_image":[{"width":900,"height":600,"url":"https:\/\/tourluxurysl.com\/wp-content\/uploads\/2025\/12\/cholon-en-cartagena-1-1.jpg","type":"image\/jpeg"}],"twitter_card":"summary_large_image","twitter_site":"@tourcaribe","twitter_misc":{"Est. reading time":"5 minutes"},"schema":{"@context":"https:\/\/schema.org","@graph":[{"@type":"WebPage","@id":"https:\/\/tourluxurysl.com\/producto\/isla-cholon-cartagena\/","url":"https:\/\/tourluxurysl.com\/producto\/isla-cholon-cartagena\/","name":"Isla Chol\u00f3n Cartagena | Fiesta, playa y para\u00edso en el Caribe","isPartOf":{"@id":"https:\/\/tourluxurysl.com\/#website"},"primaryImageOfPage":{"@id":"https:\/\/tourluxurysl.com\/producto\/isla-cholon-cartagena\/#primaryimage"},"image":{"@id":"https:\/\/tourluxurysl.com\/producto\/isla-cholon-cartagena\/#primaryimage"},"thumbnailUrl":"https:\/\/tourluxurysl.com\/wp-content\/uploads\/2025\/12\/cholon-en-cartagena-1-1.jpg","datePublished":"2025-12-28T02:41:30+00:00","dateModified":"2026-02-07T22:27:10+00:00","description":"Vive la mejor experiencia en la isla Chol\u00f3n Cartagena: playas paradis\u00edacas, fiesta en el mar, gastronom\u00eda caribe\u00f1a y tours todo incluido. \u00a1Reserva ya!","breadcrumb":{"@id":"https:\/\/tourluxurysl.com\/producto\/isla-cholon-cartagena\/#breadcrumb"},"inLanguage":"en-US","potentialAction":[{"@type":"ReadAction","target":["https:\/\/tourluxurysl.com\/producto\/isla-cholon-cartagena\/"]}]},{"@type":"ImageObject","inLanguage":"en-US","@id":"https:\/\/tourluxurysl.com\/producto\/isla-cholon-cartagena\/#primaryimage","url":"https:\/\/tourluxurysl.com\/wp-content\/uploads\/2025\/12\/cholon-en-cartagena-1-1.jpg","contentUrl":"https:\/\/tourluxurysl.com\/wp-content\/uploads\/2025\/12\/cholon-en-cartagena-1-1.jpg","width":900,"height":600},{"@type":"BreadcrumbList","@id":"https:\/\/tourluxurysl.com\/producto\/isla-cholon-cartagena\/#breadcrumb","itemListElement":[{"@type":"ListItem","position":1,"name":"Inicio","item":"https:\/\/tourluxurysl.com\/"},{"@type":"ListItem","position":2,"name":"Shop","item":"https:\/\/tourluxurysl.com\/shop\/"},{"@type":"ListItem","position":3,"name":"Isla Chol\u00f3n Cartagena"}]},{"@type":"WebSite","@id":"https:\/\/tourluxurysl.com\/#website","url":"https:\/\/tourluxurysl.com\/","name":"Tour por el caribe","description":"","publisher":{"@id":"https:\/\/tourluxurysl.com\/#organization"},"potentialAction":[{"@type":"SearchAction","target":{"@type":"EntryPoint","urlTemplate":"https:\/\/tourluxurysl.com\/?s={search_term_string}"},"query-input":{"@type":"PropertyValueSpecification","valueRequired":true,"valueName":"search_term_string"}}],"inLanguage":"en-US"},{"@type":"Organization","@id":"https:\/\/tourluxurysl.com\/#organization","name":"Tour por el caribe","url":"https:\/\/tourluxurysl.com\/","logo":{"@type":"ImageObject","inLanguage":"en-US","@id":"https:\/\/tourluxurysl.com\/#\/schema\/logo\/image\/","url":"https:\/\/tourluxurysl.com\/wp-content\/uploads\/2021\/08\/logo-horizontal-512-x-512.png","contentUrl":"https:\/\/tourluxurysl.com\/wp-content\/uploads\/2021\/08\/logo-horizontal-512-x-512.png","width":512,"height":512,"caption":"Tour por el caribe"},"image":{"@id":"https:\/\/tourluxurysl.com\/#\/schema\/logo\/image\/"},"sameAs":["https:\/\/www.facebook.com\/tourporelcaribe","https:\/\/x.com\/tourcaribe","https:\/\/www.instagram.com\/tourscaribe\/","https:\/\/www.youtube.com\/@tourcaribe"]}]}},"_links":{"self":[{"href":"https:\/\/tourluxurysl.com\/en\/wp-json\/wp\/v2\/product\/2544","targetHints":{"allow":["GET"]}}],"collection":[{"href":"https:\/\/tourluxurysl.com\/en\/wp-json\/wp\/v2\/product"}],"about":[{"href":"https:\/\/tourluxurysl.com\/en\/wp-json\/wp\/v2\/types\/product"}],"replies":[{"embeddable":true,"href":"https:\/\/tourluxurysl.com\/en\/wp-json\/wp\/v2\/comments?post=2544"}],"version-history":[{"count":0,"href":"https:\/\/tourluxurysl.com\/en\/wp-json\/wp\/v2\/product\/2544\/revisions"}],"wp:featuredmedia":[{"embeddable":true,"href":"https:\/\/tourluxurysl.com\/en\/wp-json\/wp\/v2\/media\/2543"}],"wp:attachment":[{"href":"https:\/\/tourluxurysl.com\/en\/wp-json\/wp\/v2\/media?parent=2544"}],"wp:term":[{"taxonomy":"product_brand","embeddable":true,"href":"https:\/\/tourluxurysl.com\/en\/wp-json\/wp\/v2\/product_brand?post=2544"},{"taxonomy":"product_cat","embeddable":true,"href":"https:\/\/tourluxurysl.com\/en\/wp-json\/wp\/v2\/product_cat?post=2544"},{"taxonomy":"product_tag","embeddable":true,"href":"https:\/\/tourluxurysl.com\/en\/wp-json\/wp\/v2\/product_tag?post=2544"}],"curies":[{"name":"wp","href":"https:\/\/api.w.org\/{rel}","templated":true}]}}