{"id":2354,"date":"2025-12-27T21:40:35","date_gmt":"2025-12-28T02:40:35","guid":{"rendered":"https:\/\/clickagencyads.com\/product\/crystal-beach\/"},"modified":"2026-01-07T10:12:17","modified_gmt":"2026-01-07T15:12:17","slug":"pasadia-crystal-beach-baru","status":"publish","type":"product","link":"https:\/\/tourluxurysl.com\/en\/product\/pasadia-crystal-beach-baru\/","title":{"rendered":"Crystal Beach"},"content":{"rendered":"<h2 style=\"text-align: center;\" data-start=\"0\" data-end=\"84\"><span style=\"color: #000000;\"><strong data-start=\"2\" data-end=\"84\">Crystal Beach Bar\u00fa Day Trip \u2013 Relaxation, Beach and VIP Experience in Paradise<\/strong><\/span><\/h2>\n<p data-start=\"86\" data-end=\"414\"><span style=\"color: #000000;\">\ud83c\udf34 <strong data-start=\"89\" data-end=\"138\">Experience an unforgettable day at Crystal Beach Bar\u00fa<\/strong>, one of the most exclusive and tranquil destinations in the Colombian Caribbean. Our <strong data-start=\"219\" data-end=\"249\">Crystal Beach Bar\u00fa Day Trip<\/strong> is designed for those who wish to disconnect from stress, enjoy the crystal clear sea, the white sand and premium service in a privileged natural environment.<\/span><\/p>\n<p data-start=\"416\" data-end=\"564\"><span style=\"color: #000000;\">From the moment we pick you up at your hotel, everything is designed to ensure you have a comfortable, relaxing experience full of memorable moments.<\/span><\/p>\n<hr data-start=\"566\" data-end=\"569\" \/>\n<h3 data-start=\"571\" data-end=\"631\"><span style=\"color: #000000;\">\ud83c\udf0a <strong data-start=\"577\" data-end=\"631\">Crystal Beach Bar\u00fa: A Haven of Peace and Nature<\/strong><\/span><\/h3>\n<p data-start=\"633\" data-end=\"821\"><span style=\"color: #000000;\">Located in the paradisiacal area of <strong data-start=\"669\" data-end=\"677\">Bar\u00fa<\/strong>, Crystal Beach is an ideal beach club to relax, enjoy the sun and live a VIP experience without street vendors or crowds.<\/span><\/p>\n<p data-start=\"823\" data-end=\"840\"><span style=\"color: #000000;\">Here you will find:<\/span><\/p>\n<ul data-start=\"841\" data-end=\"1004\">\n<li data-start=\"841\" data-end=\"875\">\n<p data-start=\"843\" data-end=\"875\"><span style=\"color: #000000;\">Crystal clear and calm waters<\/span><\/p>\n<\/li>\n<li data-start=\"876\" data-end=\"909\">\n<p data-start=\"878\" data-end=\"909\"><span style=\"color: #000000;\">Relaxed and exclusive atmosphere<\/span><\/p>\n<\/li>\n<li data-start=\"910\" data-end=\"936\">\n<p data-start=\"912\" data-end=\"936\"><span style=\"color: #000000;\">Personalized attention<\/span><\/p>\n<\/li>\n<li data-start=\"937\" data-end=\"972\">\n<p data-start=\"939\" data-end=\"972\"><span style=\"color: #000000;\">Comfortable spaces to rest<\/span><\/p>\n<\/li>\n<li data-start=\"973\" data-end=\"1004\">\n<p data-start=\"975\" data-end=\"1004\"><span style=\"color: #000000;\">High-quality gastronomy<\/span><\/p>\n<\/li>\n<\/ul>\n<hr data-start=\"1006\" data-end=\"1009\" \/>\n<p><iframe title=\"Playa Crystal en Playa Tranquila de Bar\u00fa\" width=\"900\" height=\"506\" src=\"https:\/\/www.youtube.com\/embed\/JVBSNuCFEqY?feature=oembed\" frameborder=\"0\" allow=\"accelerometer; autoplay; clipboard-write; encrypted-media; gyroscope; picture-in-picture; web-share\" referrerpolicy=\"strict-origin-when-cross-origin\" allowfullscreen><\/iframe><\/p>\n<h3 data-start=\"1011\" data-end=\"1061\"><span style=\"color: #000000;\">\ud83d\ude90\ud83d\udea4 <strong data-start=\"1019\" data-end=\"1061\">Transportation Options for Your Day Trip<\/strong><\/span><\/h3>\n<p data-start=\"1063\" data-end=\"1131\"><span style=\"color: #000000;\">You can choose the option that best suits your travel style:<\/span><\/p>\n<hr data-start=\"1133\" data-end=\"1136\" \/>\n<h3 data-start=\"1138\" data-end=\"1187\"><span style=\"color: #000000;\">\ud83c\udf34 <strong data-start=\"1144\" data-end=\"1187\">VIP Day Trip (Bus + Boat)<\/strong><\/span><\/h3>\n<h4 data-start=\"1189\" data-end=\"1201\"><span style=\"color: #000000;\">Includes:<\/span><\/h4>\n<p data-start=\"1203\" data-end=\"1561\"><span style=\"color: #000000;\">\u2714\ufe0f Round-trip ground transportation in <strong data-start=\"1243\" data-end=\"1262\">air-conditioned bus<\/strong><\/span><br data-start=\"1262\" data-end=\"1265\" \/><span style=\"color: #000000;\">\u2714\ufe0f Transfer in <strong data-start=\"1280\" data-end=\"1297\">speedboat<\/strong> to the club<\/span><br data-start=\"1311\" data-end=\"1314\" \/><span style=\"color: #000000;\">\u2714\ufe0f Welcome cocktail<\/span><br data-start=\"1337\" data-end=\"1340\" \/><span style=\"color: #000000;\">\u2714\ufe0f Access to all facilities<\/span><br data-start=\"1375\" data-end=\"1378\" \/><span style=\"color: #000000;\">\u2714\ufe0f Sunbeds and chairs<\/span><br data-start=\"1407\" data-end=\"1410\" \/><span style=\"color: #000000;\">\u2714\ufe0f VIP Zone <strong data-start=\"1422\" data-end=\"1440\">no sellers<\/strong><\/span><br data-start=\"1440\" data-end=\"1443\" \/><span style=\"color: #000000;\">\u2714\ufe0f Use of restrooms<\/span><br data-start=\"1458\" data-end=\"1461\" \/><span style=\"color: #000000;\">\u2714\ufe0f Raccoon sighting<\/span><br data-start=\"1488\" data-end=\"1491\" \/><span style=\"color: #000000;\">\u2714\ufe0f Snorkeling in crystal-clear waters<\/span><br data-start=\"1525\" data-end=\"1528\" \/><span style=\"color: #000000;\">\u2714\ufe0f Premium lunch options<\/span><\/p>\n<h4 data-start=\"1563\" data-end=\"1592\"><span style=\"color: #000000;\">\ud83c\udf7d\ufe0f Lunch Options:<\/span><\/h4>\n<ul data-start=\"1593\" data-end=\"1728\">\n<li data-start=\"1593\" data-end=\"1617\">\n<p data-start=\"1595\" data-end=\"1617\"><span style=\"color: #000000;\">Black or red Mojarra<\/span><\/p>\n<\/li>\n<li data-start=\"1618\" data-end=\"1639\">\n<p data-start=\"1620\" data-end=\"1639\"><span style=\"color: #000000;\">Fish fillet<\/span><\/p>\n<\/li>\n<li data-start=\"1640\" data-end=\"1649\">\n<p data-start=\"1642\" data-end=\"1649\"><span style=\"color: #000000;\">Pasta<\/span><\/p>\n<\/li>\n<li data-start=\"1650\" data-end=\"1666\">\n<p data-start=\"1652\" data-end=\"1666\"><span style=\"color: #000000;\">Fried saw<\/span><\/p>\n<\/li>\n<li data-start=\"1667\" data-end=\"1680\">\n<p data-start=\"1669\" data-end=\"1680\"><span style=\"color: #000000;\">Lebranche<\/span><\/p>\n<\/li>\n<li data-start=\"1681\" data-end=\"1705\">\n<p data-start=\"1683\" data-end=\"1705\"><span style=\"color: #000000;\">Grilled chicken breast<\/span><\/p>\n<\/li>\n<li data-start=\"1706\" data-end=\"1728\">\n<p data-start=\"1708\" data-end=\"1728\"><span style=\"color: #000000;\">Vegetarian option<\/span><\/p>\n<\/li>\n<\/ul>\n<hr data-start=\"1730\" data-end=\"1733\" \/>\n<h3 data-start=\"1735\" data-end=\"1781\"><span style=\"color: #000000;\">\ud83d\udea4 <strong data-start=\"1741\" data-end=\"1781\">VIP Day Trip on a Semi-Sport Boat<\/strong><\/span><\/h3>\n<p data-start=\"1783\" data-end=\"1842\"><span style=\"color: #000000;\">For those seeking a more exclusive and faster experience:<\/span><\/p>\n<h4 data-start=\"1844\" data-end=\"1856\"><span style=\"color: #000000;\">Includes:<\/span><\/h4>\n<p data-start=\"1858\" data-end=\"2225\"><span style=\"color: #000000;\">\u2714\ufe0f Hotel pickup (Bocagrande and North Zone)<\/span><br data-start=\"1904\" data-end=\"1907\" \/><span style=\"color: #000000;\">\u2714\ufe0f Round trip transfer in <strong data-start=\"1936\" data-end=\"1958\">semi-sport boat<\/strong><\/span><br data-start=\"1958\" data-end=\"1961\" \/><span style=\"color: #000000;\">\u2714\ufe0f Panoramic tour of Bocachica Island<\/span><br data-start=\"2009\" data-end=\"2012\" \/><span style=\"color: #000000;\">\u2714\ufe0f Welcome cocktail<\/span><br data-start=\"2035\" data-end=\"2038\" \/><span style=\"color: #000000;\">\u2714\ufe0f Full access to the facilities<\/span><br data-start=\"2076\" data-end=\"2079\" \/><span style=\"color: #000000;\">\u2714\ufe0f Sunbeds and chairs<\/span><br data-start=\"2108\" data-end=\"2111\" \/><span style=\"color: #000000;\">\u2714\ufe0f VIP area without vendors<\/span><br data-start=\"2137\" data-end=\"2140\" \/><span style=\"color: #000000;\">\u2714\ufe0f Use of restrooms<\/span><br data-start=\"2155\" data-end=\"2158\" \/><span style=\"color: #000000;\">\u2714\ufe0f Premium lunch<\/span><br data-start=\"2177\" data-end=\"2180\" \/><span style=\"color: #000000;\">\u2714\ufe0f Snorkeling<\/span><br data-start=\"2193\" data-end=\"2196\" \/><span style=\"color: #000000;\">\u2714\ufe0f Raccoon sighting<\/span><\/p>\n<p data-start=\"2227\" data-end=\"2313\"><span style=\"color: #000000;\">An ideal experience for those who wish to combine comfort, adventure and exclusivity.<\/span><\/p>\n<hr data-start=\"2315\" data-end=\"2318\" \/>\n<h3 data-start=\"2320\" data-end=\"2355\"><span style=\"color: #000000;\">\ud83d\udc3e <strong data-start=\"2326\" data-end=\"2355\">Unique Natural Experience<\/strong><\/span><\/h3>\n<p data-start=\"2357\" data-end=\"2402\"><span style=\"color: #000000;\">During the day trip you will have the opportunity to:<\/span><\/p>\n<ul data-start=\"2404\" data-end=\"2594\">\n<li data-start=\"2404\" data-end=\"2451\">\n<p data-start=\"2406\" data-end=\"2451\"><span style=\"color: #000000;\">Notice <strong data-start=\"2415\" data-end=\"2449\">raccoons in their natural habitat<\/strong><\/span><\/p>\n<\/li>\n<li data-start=\"2452\" data-end=\"2501\">\n<p data-start=\"2454\" data-end=\"2501\"><span style=\"color: #000000;\">Practice <strong data-start=\"2464\" data-end=\"2478\">snorkeling<\/strong> in crystal clear waters<\/span><\/p>\n<\/li>\n<li data-start=\"2502\" data-end=\"2536\">\n<p data-start=\"2504\" data-end=\"2536\"><span style=\"color: #000000;\">Relax under the Caribbean sun<\/span><\/p>\n<\/li>\n<li data-start=\"2537\" data-end=\"2594\">\n<p data-start=\"2539\" data-end=\"2594\"><span style=\"color: #000000;\">Enjoy the sound of the sea in a peaceful setting<\/span><\/p>\n<\/li>\n<\/ul>\n<hr data-start=\"2596\" data-end=\"2599\" \/>\n<h3 data-start=\"2601\" data-end=\"2637\"><span style=\"color: #000000;\">\ud83d\udd76\ufe0f <strong data-start=\"2608\" data-end=\"2637\">VIP Area \u2013 Total Relaxation<\/strong><\/span><\/h3>\n<p data-start=\"2639\" data-end=\"2824\"><span style=\"color: #000000;\">At Crystal Beach you will enjoy a <strong data-start=\"2675\" data-end=\"2697\">exclusive VIP area<\/strong>, free of street vendors, perfect for uninterrupted rest, with personalized attention and a select atmosphere.<\/span><\/p>\n<hr data-start=\"2826\" data-end=\"2829\" \/>\n<h3 data-start=\"2831\" data-end=\"2848\"><span style=\"color: #000000;\">\u23f0 <strong data-start=\"2836\" data-end=\"2848\">Schedules<\/strong><\/span><\/h3>\n<ul data-start=\"2850\" data-end=\"2933\">\n<li data-start=\"2850\" data-end=\"2873\">\n<p data-start=\"2852\" data-end=\"2873\"><span style=\"color: #000000;\">Departure in the morning<\/span><\/p>\n<\/li>\n<li data-start=\"2874\" data-end=\"2906\">\n<p data-start=\"2876\" data-end=\"2906\"><span style=\"color: #000000;\">I'll be back in the afternoon<\/span><\/p>\n<\/li>\n<li data-start=\"2907\" data-end=\"2933\">\n<p data-start=\"2909\" data-end=\"2933\"><span style=\"color: #000000;\">Duration: Full day<\/span><\/p>\n<\/li>\n<\/ul>\n<hr data-start=\"2935\" data-end=\"2938\" \/>\n<h3 data-start=\"2940\" data-end=\"2956\"><span style=\"color: #000000;\">\u2705 <strong data-start=\"2945\" data-end=\"2956\">Includes<\/strong><\/span><\/h3>\n<p data-start=\"2958\" data-end=\"3210\"><span style=\"color: #000000;\">\u2714\ufe0f Transportation according to the chosen option<\/span><br data-start=\"2995\" data-end=\"2998\" \/><span style=\"color: #000000;\">\u2714\ufe0f Speedboat<\/span><br data-start=\"3014\" data-end=\"3017\" \/><span style=\"color: #000000;\">\u2714\ufe0f Welcome cocktail<\/span><br data-start=\"3040\" data-end=\"3043\" \/><span style=\"color: #000000;\">\u2714\ufe0f Sunbeds and chairs<\/span><br data-start=\"3072\" data-end=\"3075\" \/><span style=\"color: #000000;\">\u2714\ufe0f VIP Zone<\/span><br data-start=\"3086\" data-end=\"3089\" \/><span style=\"color: #000000;\">\u2714\ufe0f Premium lunch<\/span><br data-start=\"3108\" data-end=\"3111\" \/><span style=\"color: #000000;\">\u2714\ufe0f Snorkeling<\/span><br data-start=\"3124\" data-end=\"3127\" \/><span style=\"color: #000000;\">\u2714\ufe0f Raccoon sighting<\/span><br data-start=\"3154\" data-end=\"3157\" \/><span style=\"color: #000000;\">\u2714\ufe0f Use of facilities<\/span><br data-start=\"3180\" data-end=\"3183\" \/><span style=\"color: #000000;\">\u2714\ufe0f Personalized attention<\/span><\/p>\n<hr data-start=\"3212\" data-end=\"3215\" \/>\n<h3 data-start=\"3217\" data-end=\"3236\"><span style=\"color: #000000;\">\u274c <strong data-start=\"3222\" data-end=\"3236\">Not include<\/strong><\/span><\/h3>\n<ul data-start=\"3238\" data-end=\"3327\">\n<li data-start=\"3238\" data-end=\"3261\">\n<p data-start=\"3240\" data-end=\"3261\"><span style=\"color: #000000;\">Additional drinks<\/span><\/p>\n<\/li>\n<li data-start=\"3262\" data-end=\"3289\">\n<p data-start=\"3264\" data-end=\"3289\"><span style=\"color: #000000;\">Unspecified expenses<\/span><\/p>\n<\/li>\n<li data-start=\"3290\" data-end=\"3327\">\n<p data-start=\"3292\" data-end=\"3327\"><span style=\"color: #000000;\">Additional activities not mentioned<\/span><\/p>\n<\/li>\n<\/ul>\n<hr data-start=\"3329\" data-end=\"3332\" \/>\n<h3 data-start=\"3334\" data-end=\"3379\"><span style=\"color: #000000;\">\ud83c\udf1f <strong data-start=\"3340\" data-end=\"3379\">Why Choose Crystal Beach Bar\u00fa?<\/strong><\/span><\/h3>\n<p data-start=\"3381\" data-end=\"3614\"><span style=\"color: #000000;\">\u2714\ufe0f Quiet and exclusive beach<\/span><br data-start=\"3411\" data-end=\"3414\" \/><span style=\"color: #000000;\">\u2714\ufe0f VIP Attention<\/span><br data-start=\"3429\" data-end=\"3432\" \/><span style=\"color: #000000;\">\u2714\ufe0f No street vendors<\/span><br data-start=\"3460\" data-end=\"3463\" \/><span style=\"color: #000000;\">\u2714\ufe0f Excelente gastronom\u00eda<\/span><br data-start=\"3487\" data-end=\"3490\" \/><span style=\"color: #000000;\">\u2714\ufe0f Flexible transport options<\/span><br data-start=\"3525\" data-end=\"3528\" \/><span style=\"color: #000000;\">\u2714\ufe0f Ideal for couples, groups and families<\/span><br data-start=\"3568\" data-end=\"3571\" \/><span style=\"color: #000000;\">\u2714\ufe0f Premium experience at an excellent price<\/span><\/p>\n<hr data-start=\"3616\" data-end=\"3619\" \/>\n<h3 data-start=\"3621\" data-end=\"3672\"><span style=\"color: #000000;\">\ud83d\udccd <strong data-start=\"3627\" data-end=\"3672\">Book your Crystal Beach Bar\u00fa day pass today!<\/strong><\/span><\/h3>\n<p data-start=\"3674\" data-end=\"3840\"><span style=\"color: #000000;\">Treat yourself to a day of rest, sun and sea at one of the best beach clubs in Bar\u00fa.<\/span><br data-start=\"3755\" data-end=\"3758\" \/><span style=\"color: #000000;\">Live an unforgettable experience surrounded by nature, comfort and good energy.<\/span><\/p>\n<p data-start=\"3842\" data-end=\"3918\" data-is-last-node=\"\" data-is-only-node=\"\"><span style=\"color: #000000;\">\u2728 <strong data-start=\"3844\" data-end=\"3913\">Book now and enjoy the Caribbean paradise as you deserve.<\/strong> \ud83c\udf0a\ud83c\udf34<\/span><\/p>","protected":false},"excerpt":{"rendered":"<p><span style=\"color: #000000;\">You can reserve this activity with 50% down, the rest you pay when you do the activity, or you can make the full payment.<\/span><\/p>","protected":false},"featured_media":2353,"comment_status":"open","ping_status":"closed","template":"","meta":{"_joinchat":[]},"product_brand":[],"product_cat":[60],"product_tag":[],"class_list":{"0":"post-2354","1":"product","2":"type-product","3":"status-publish","4":"has-post-thumbnail","6":"product_cat-playas-de-baru","8":"first","9":"instock","10":"virtual","11":"sold-individually","12":"purchasable","13":"product-type-booking"},"yoast_head":"<!-- This site is optimized with the Yoast SEO plugin v27.3 - https:\/\/yoast.com\/product\/yoast-seo-wordpress\/ -->\n<title>Pasad\u00eda Crystal Beach Bar\u00fa<\/title>\n<meta name=\"description\" content=\"Nuestra oferta de Pasad\u00eda Crystal Beach Bar\u00fa, incluye una experiencia completa desde el momento en que te recogemos en tu hotel. Reserva Ya\" \/>\n<meta name=\"robots\" content=\"index, follow, max-snippet:-1, max-image-preview:large, max-video-preview:-1\" \/>\n<link rel=\"canonical\" href=\"https:\/\/tourluxurysl.com\/en\/product\/pasadia-crystal-beach-baru\/\" \/>\n<meta property=\"og:locale\" content=\"en_US\" \/>\n<meta property=\"og:type\" content=\"article\" \/>\n<meta property=\"og:title\" content=\"Pasad\u00eda Crystal Beach Bar\u00fa\" \/>\n<meta property=\"og:description\" content=\"Nuestra oferta de Pasad\u00eda Crystal Beach Bar\u00fa, incluye una experiencia completa desde el momento en que te recogemos en tu hotel. Reserva Ya\" \/>\n<meta property=\"og:url\" content=\"https:\/\/tourluxurysl.com\/en\/product\/pasadia-crystal-beach-baru\/\" \/>\n<meta property=\"og:site_name\" content=\"Tour Luxury S&amp;L\" \/>\n<meta property=\"article:publisher\" content=\"https:\/\/www.facebook.com\/tourporelcaribe\" \/>\n<meta property=\"article:modified_time\" content=\"2026-01-07T15:12:17+00:00\" \/>\n<meta property=\"og:image\" content=\"https:\/\/tourluxurysl.com\/wp-content\/uploads\/2025\/12\/Playa-tranquila-Baru-1.jpg\" \/>\n\t<meta property=\"og:image:width\" content=\"1000\" \/>\n\t<meta property=\"og:image:height\" content=\"800\" \/>\n\t<meta property=\"og:image:type\" content=\"image\/jpeg\" \/>\n<meta name=\"twitter:card\" content=\"summary_large_image\" \/>\n<meta name=\"twitter:site\" content=\"@tourcaribe\" \/>\n<meta name=\"twitter:label1\" content=\"Est. reading time\" \/>\n\t<meta name=\"twitter:data1\" content=\"3 minutes\" \/>\n<script type=\"application\/ld+json\" class=\"yoast-schema-graph\">{\"@context\":\"https:\\\/\\\/schema.org\",\"@graph\":[{\"@type\":\"WebPage\",\"@id\":\"https:\\\/\\\/tourluxurysl.com\\\/producto\\\/pasadia-crystal-beach-baru\\\/\",\"url\":\"https:\\\/\\\/tourluxurysl.com\\\/producto\\\/pasadia-crystal-beach-baru\\\/\",\"name\":\"Pasad\u00eda Crystal Beach Bar\u00fa\",\"isPartOf\":{\"@id\":\"https:\\\/\\\/tourluxurysl.com\\\/#website\"},\"primaryImageOfPage\":{\"@id\":\"https:\\\/\\\/tourluxurysl.com\\\/producto\\\/pasadia-crystal-beach-baru\\\/#primaryimage\"},\"image\":{\"@id\":\"https:\\\/\\\/tourluxurysl.com\\\/producto\\\/pasadia-crystal-beach-baru\\\/#primaryimage\"},\"thumbnailUrl\":\"https:\\\/\\\/tourluxurysl.com\\\/wp-content\\\/uploads\\\/2025\\\/12\\\/Playa-tranquila-Baru-1.jpg\",\"datePublished\":\"2025-12-28T02:40:35+00:00\",\"dateModified\":\"2026-01-07T15:12:17+00:00\",\"description\":\"Nuestra oferta de Pasad\u00eda Crystal Beach Bar\u00fa, incluye una experiencia completa desde el momento en que te recogemos en tu hotel. Reserva Ya\",\"breadcrumb\":{\"@id\":\"https:\\\/\\\/tourluxurysl.com\\\/producto\\\/pasadia-crystal-beach-baru\\\/#breadcrumb\"},\"inLanguage\":\"en-US\",\"potentialAction\":[{\"@type\":\"ReadAction\",\"target\":[\"https:\\\/\\\/tourluxurysl.com\\\/producto\\\/pasadia-crystal-beach-baru\\\/\"]}]},{\"@type\":\"ImageObject\",\"inLanguage\":\"en-US\",\"@id\":\"https:\\\/\\\/tourluxurysl.com\\\/producto\\\/pasadia-crystal-beach-baru\\\/#primaryimage\",\"url\":\"https:\\\/\\\/tourluxurysl.com\\\/wp-content\\\/uploads\\\/2025\\\/12\\\/Playa-tranquila-Baru-1.jpg\",\"contentUrl\":\"https:\\\/\\\/tourluxurysl.com\\\/wp-content\\\/uploads\\\/2025\\\/12\\\/Playa-tranquila-Baru-1.jpg\",\"width\":1000,\"height\":800},{\"@type\":\"BreadcrumbList\",\"@id\":\"https:\\\/\\\/tourluxurysl.com\\\/producto\\\/pasadia-crystal-beach-baru\\\/#breadcrumb\",\"itemListElement\":[{\"@type\":\"ListItem\",\"position\":1,\"name\":\"Inicio\",\"item\":\"https:\\\/\\\/tourluxurysl.com\\\/\"},{\"@type\":\"ListItem\",\"position\":2,\"name\":\"Shop\",\"item\":\"https:\\\/\\\/tourluxurysl.com\\\/shop\\\/\"},{\"@type\":\"ListItem\",\"position\":3,\"name\":\"Crystal Beach\"}]},{\"@type\":\"WebSite\",\"@id\":\"https:\\\/\\\/tourluxurysl.com\\\/#website\",\"url\":\"https:\\\/\\\/tourluxurysl.com\\\/\",\"name\":\"Tour por el caribe\",\"description\":\"\",\"publisher\":{\"@id\":\"https:\\\/\\\/tourluxurysl.com\\\/#organization\"},\"potentialAction\":[{\"@type\":\"SearchAction\",\"target\":{\"@type\":\"EntryPoint\",\"urlTemplate\":\"https:\\\/\\\/tourluxurysl.com\\\/?s={search_term_string}\"},\"query-input\":{\"@type\":\"PropertyValueSpecification\",\"valueRequired\":true,\"valueName\":\"search_term_string\"}}],\"inLanguage\":\"en-US\"},{\"@type\":\"Organization\",\"@id\":\"https:\\\/\\\/tourluxurysl.com\\\/#organization\",\"name\":\"Tour por el caribe\",\"url\":\"https:\\\/\\\/tourluxurysl.com\\\/\",\"logo\":{\"@type\":\"ImageObject\",\"inLanguage\":\"en-US\",\"@id\":\"https:\\\/\\\/tourluxurysl.com\\\/#\\\/schema\\\/logo\\\/image\\\/\",\"url\":\"https:\\\/\\\/tourluxurysl.com\\\/wp-content\\\/uploads\\\/2021\\\/08\\\/logo-horizontal-512-x-512.png\",\"contentUrl\":\"https:\\\/\\\/tourluxurysl.com\\\/wp-content\\\/uploads\\\/2021\\\/08\\\/logo-horizontal-512-x-512.png\",\"width\":512,\"height\":512,\"caption\":\"Tour por el caribe\"},\"image\":{\"@id\":\"https:\\\/\\\/tourluxurysl.com\\\/#\\\/schema\\\/logo\\\/image\\\/\"},\"sameAs\":[\"https:\\\/\\\/www.facebook.com\\\/tourporelcaribe\",\"https:\\\/\\\/x.com\\\/tourcaribe\",\"https:\\\/\\\/www.instagram.com\\\/tourscaribe\\\/\",\"https:\\\/\\\/www.youtube.com\\\/@tourcaribe\"]}]}<\/script>\n<!-- \/ Yoast SEO plugin. -->","yoast_head_json":{"title":"Crystal Beach Bar\u00fa Day Trip","description":"Nuestra oferta de Pasad\u00eda Crystal Beach Bar\u00fa, incluye una experiencia completa desde el momento en que te recogemos en tu hotel. Reserva Ya","robots":{"index":"index","follow":"follow","max-snippet":"max-snippet:-1","max-image-preview":"max-image-preview:large","max-video-preview":"max-video-preview:-1"},"canonical":"https:\/\/tourluxurysl.com\/en\/product\/pasadia-crystal-beach-baru\/","og_locale":"en_US","og_type":"article","og_title":"Pasad\u00eda Crystal Beach Bar\u00fa","og_description":"Nuestra oferta de Pasad\u00eda Crystal Beach Bar\u00fa, incluye una experiencia completa desde el momento en que te recogemos en tu hotel. Reserva Ya","og_url":"https:\/\/tourluxurysl.com\/en\/product\/pasadia-crystal-beach-baru\/","og_site_name":"Tour Luxury S&amp;L","article_publisher":"https:\/\/www.facebook.com\/tourporelcaribe","article_modified_time":"2026-01-07T15:12:17+00:00","og_image":[{"width":1000,"height":800,"url":"https:\/\/tourluxurysl.com\/wp-content\/uploads\/2025\/12\/Playa-tranquila-Baru-1.jpg","type":"image\/jpeg"}],"twitter_card":"summary_large_image","twitter_site":"@tourcaribe","twitter_misc":{"Est. reading time":"3 minutes"},"schema":{"@context":"https:\/\/schema.org","@graph":[{"@type":"WebPage","@id":"https:\/\/tourluxurysl.com\/producto\/pasadia-crystal-beach-baru\/","url":"https:\/\/tourluxurysl.com\/producto\/pasadia-crystal-beach-baru\/","name":"Crystal Beach Bar\u00fa Day Trip","isPartOf":{"@id":"https:\/\/tourluxurysl.com\/#website"},"primaryImageOfPage":{"@id":"https:\/\/tourluxurysl.com\/producto\/pasadia-crystal-beach-baru\/#primaryimage"},"image":{"@id":"https:\/\/tourluxurysl.com\/producto\/pasadia-crystal-beach-baru\/#primaryimage"},"thumbnailUrl":"https:\/\/tourluxurysl.com\/wp-content\/uploads\/2025\/12\/Playa-tranquila-Baru-1.jpg","datePublished":"2025-12-28T02:40:35+00:00","dateModified":"2026-01-07T15:12:17+00:00","description":"Nuestra oferta de Pasad\u00eda Crystal Beach Bar\u00fa, incluye una experiencia completa desde el momento en que te recogemos en tu hotel. Reserva Ya","breadcrumb":{"@id":"https:\/\/tourluxurysl.com\/producto\/pasadia-crystal-beach-baru\/#breadcrumb"},"inLanguage":"en-US","potentialAction":[{"@type":"ReadAction","target":["https:\/\/tourluxurysl.com\/producto\/pasadia-crystal-beach-baru\/"]}]},{"@type":"ImageObject","inLanguage":"en-US","@id":"https:\/\/tourluxurysl.com\/producto\/pasadia-crystal-beach-baru\/#primaryimage","url":"https:\/\/tourluxurysl.com\/wp-content\/uploads\/2025\/12\/Playa-tranquila-Baru-1.jpg","contentUrl":"https:\/\/tourluxurysl.com\/wp-content\/uploads\/2025\/12\/Playa-tranquila-Baru-1.jpg","width":1000,"height":800},{"@type":"BreadcrumbList","@id":"https:\/\/tourluxurysl.com\/producto\/pasadia-crystal-beach-baru\/#breadcrumb","itemListElement":[{"@type":"ListItem","position":1,"name":"Inicio","item":"https:\/\/tourluxurysl.com\/"},{"@type":"ListItem","position":2,"name":"Shop","item":"https:\/\/tourluxurysl.com\/shop\/"},{"@type":"ListItem","position":3,"name":"Crystal Beach"}]},{"@type":"WebSite","@id":"https:\/\/tourluxurysl.com\/#website","url":"https:\/\/tourluxurysl.com\/","name":"Tour por el caribe","description":"","publisher":{"@id":"https:\/\/tourluxurysl.com\/#organization"},"potentialAction":[{"@type":"SearchAction","target":{"@type":"EntryPoint","urlTemplate":"https:\/\/tourluxurysl.com\/?s={search_term_string}"},"query-input":{"@type":"PropertyValueSpecification","valueRequired":true,"valueName":"search_term_string"}}],"inLanguage":"en-US"},{"@type":"Organization","@id":"https:\/\/tourluxurysl.com\/#organization","name":"Tour por el caribe","url":"https:\/\/tourluxurysl.com\/","logo":{"@type":"ImageObject","inLanguage":"en-US","@id":"https:\/\/tourluxurysl.com\/#\/schema\/logo\/image\/","url":"https:\/\/tourluxurysl.com\/wp-content\/uploads\/2021\/08\/logo-horizontal-512-x-512.png","contentUrl":"https:\/\/tourluxurysl.com\/wp-content\/uploads\/2021\/08\/logo-horizontal-512-x-512.png","width":512,"height":512,"caption":"Tour por el caribe"},"image":{"@id":"https:\/\/tourluxurysl.com\/#\/schema\/logo\/image\/"},"sameAs":["https:\/\/www.facebook.com\/tourporelcaribe","https:\/\/x.com\/tourcaribe","https:\/\/www.instagram.com\/tourscaribe\/","https:\/\/www.youtube.com\/@tourcaribe"]}]}},"_links":{"self":[{"href":"https:\/\/tourluxurysl.com\/en\/wp-json\/wp\/v2\/product\/2354","targetHints":{"allow":["GET"]}}],"collection":[{"href":"https:\/\/tourluxurysl.com\/en\/wp-json\/wp\/v2\/product"}],"about":[{"href":"https:\/\/tourluxurysl.com\/en\/wp-json\/wp\/v2\/types\/product"}],"replies":[{"embeddable":true,"href":"https:\/\/tourluxurysl.com\/en\/wp-json\/wp\/v2\/comments?post=2354"}],"version-history":[{"count":0,"href":"https:\/\/tourluxurysl.com\/en\/wp-json\/wp\/v2\/product\/2354\/revisions"}],"wp:featuredmedia":[{"embeddable":true,"href":"https:\/\/tourluxurysl.com\/en\/wp-json\/wp\/v2\/media\/2353"}],"wp:attachment":[{"href":"https:\/\/tourluxurysl.com\/en\/wp-json\/wp\/v2\/media?parent=2354"}],"wp:term":[{"taxonomy":"product_brand","embeddable":true,"href":"https:\/\/tourluxurysl.com\/en\/wp-json\/wp\/v2\/product_brand?post=2354"},{"taxonomy":"product_cat","embeddable":true,"href":"https:\/\/tourluxurysl.com\/en\/wp-json\/wp\/v2\/product_cat?post=2354"},{"taxonomy":"product_tag","embeddable":true,"href":"https:\/\/tourluxurysl.com\/en\/wp-json\/wp\/v2\/product_tag?post=2354"}],"curies":[{"name":"wp","href":"https:\/\/api.w.org\/{rel}","templated":true}]}}